{"id":16468,"date":"2017-06-23T12:12:18","date_gmt":"2017-06-23T10:12:18","guid":{"rendered":"http:\/\/arendoudijk.xcite.site\/?page_id=16468"},"modified":"2026-01-07T14:24:47","modified_gmt":"2026-01-07T13:24:47","slug":"ons-team","status":"publish","type":"page","link":"https:\/\/arendoudijk.nl\/de\/ons-team\/","title":{"rendered":"Unser Team"},"content":{"rendered":"<div class=\"wpb-content-wrapper\"><p>[vc_row bg_image=&#8220;16487&#8243; bg_color=&#8220;#f9f9f9&#8243; top_padding=&#8220;210&#8243; bottom_padding=&#8220;110&#8243; bg_position=&#8220;center center&#8220;][vc_column width=&#8220;1\/1&#8243;]<h1 class=\"headline font-special fontsize-xxxxxl fontweight-700 lh-inherit align-center transform-uppercase \" style=\"margin: 0 0 -10px 0; color: #ffffff;\">Unsere team<\/h1>[\/vc_column][\/vc_row][vc_row top_padding=&#8220;100&#8243; bottom_padding=&#8220;60&#8243;][vc_column width=&#8220;1\/1&#8243;]<h2 class=\"headline font-special fontsize-xl fontweight-700 lh-inherit align-center transform-uppercase \" style=\"margin: 0 0 40px 0;\">Unser Team<\/h2>[vc_column_text]Unser Team zeichnet sich durch zwei vertraute Gesichter aus, die untrennbar mit dem Familienunternehmen verbunden sind: Arend und Norbert Oudijk. Die beiden Br\u00fcder arbeiten seit fast 30 Jahren Seite an Seite, jeder mit seinen eigenen Qualit\u00e4ten und seinem eigenen Fachgebiet. W\u00e4hrend Corianne Oudijk und Mutter Oudijk hinter den Kulissen ihren Beitrag leisten, k\u00fcmmert sich Norbert um den lokalen Markt und Arend um den ausl\u00e4ndischen Markt.<\/p>\n<p>Nat\u00fcrlich macht die Familie diese Arbeit nicht alleine. Mit einem festen Team im B\u00fcro und in der G\u00e4rtnerei sorgt die Belegschaft daf\u00fcr, dass die Organisation reibungslos funktioniert. Neugierig geworden? Wir laden Sie gerne zu einem Kennenlernen ein. Rufen Sie Corianne, Norbert oder Arend an.[\/vc_column_text][\/vc_column][\/vc_row][vc_row_inner][vc_column_inner width=&#8220;1\/4&#8243;]<div class=\"member wpb_content_element\"><div class=\"member-img\"><img decoding=\"async\" src=\"https:\/\/arendoudijk.nl\/wp-content\/uploads\/2017\/06\/Arend-Oudijk-eigenaar.jpg\" alt=\"\" \/><\/div><h4>Arend Oudijk<\/h4><div class=\"member-role\">Gesch\u00e4ftsf\u00fchrung<\/div><div class=\"member-content\"><p><\/p><\/div><\/div>[\/vc_column_inner][vc_column_inner width=&#8220;1\/4&#8243;]<div class=\"member wpb_content_element\"><div class=\"member-img\"><img decoding=\"async\" src=\"https:\/\/arendoudijk.nl\/wp-content\/uploads\/2017\/06\/Norbert-Oudijk-eigenaar.jpg\" alt=\"\" \/><\/div><h4>Norbert Oudijk<\/h4><div class=\"member-role\">Gesch\u00e4ftsf\u00fchrung<\/div><div class=\"member-content\"><p><\/p><\/div><\/div>[\/vc_column_inner][vc_column_inner width=&#8220;1\/4&#8243;]<div class=\"member wpb_content_element\"><div class=\"member-img\"><img decoding=\"async\" src=\"https:\/\/arendoudijk.nl\/wp-content\/uploads\/2017\/06\/Commercieel-Manager-Corianne-Oudijk.jpg\" alt=\"\" \/><\/div><h4>Corianne Oudijk<\/h4><div class=\"member-role\">Werbung, Marketing und Verkauf<\/div><div class=\"member-content\"><p><\/p><\/div><\/div>[\/vc_column_inner][\/vc_row_inner]<\/p>\n<\/div>","protected":false},"excerpt":{"rendered":"<p>[vc_row bg_image=&#8220;16487&#8243; bg_color=&#8220;#f9f9f9&#8243; top_padding=&#8220;210&#8243; bottom_padding=&#8220;110&#8243; bg_position=&#8220;center center&#8220;][vc_column width=&#8220;1\/1&#8243;][\/vc_column][\/vc_row][vc_row top_padding=&#8220;100&#8243; bottom_padding=&#8220;60&#8243;][vc_column width=&#8220;1\/1&#8243;][vc_column_text]Unser Team zeichnet sich durch zwei vertraute Gesichter aus, die untrennbar mit dem Familienunternehmen verbunden sind: Arend und Norbert Oudijk. Die beiden Br\u00fcder arbeiten seit fast 30 Jahren Seite an Seite, jeder mit seinen eigenen Qualit\u00e4ten und seinem eigenen Fachgebiet. W\u00e4hrend Corianne Oudijk und Mutter Oudijk hinter den Kulissen ihren Beitrag leisten, k\u00fcmmert sich Norbert um den lokalen Markt und Arend um den ausl\u00e4ndischen Markt. Nat\u00fcrlich macht die Familie diese Arbeit nicht alleine. Mit einem festen Team im B\u00fcro und in der G\u00e4rtnerei sorgt die Belegschaft daf\u00fcr, dass die Organisation reibungslos funktioniert. Neugierig geworden? Wir laden Sie gerne zu einem Kennenlernen ein. Rufen Sie Corianne, Norbert oder Arend an.[\/vc_column_text][\/vc_column][\/vc_row][vc_row_inner][vc_column_inner width=&#8220;1\/4&#8243;][\/vc_column_inner][vc_column_inner width=&#8220;1\/4&#8243;][\/vc_column_inner][vc_column_inner width=&#8220;1\/4&#8243;][\/vc_column_inner][\/vc_row_inner]<\/p>\n","protected":false},"author":1,"featured_media":0,"parent":0,"menu_order":0,"comment_status":"open","ping_status":"closed","template":"","meta":{"footnotes":""},"class_list":["post-16468","page","type-page","status-publish","hentry"],"_links":{"self":[{"href":"https:\/\/arendoudijk.nl\/de\/wp-json\/wp\/v2\/pages\/16468","targetHints":{"allow":["GET"]}}],"collection":[{"href":"https:\/\/arendoudijk.nl\/de\/wp-json\/wp\/v2\/pages"}],"about":[{"href":"https:\/\/arendoudijk.nl\/de\/wp-json\/wp\/v2\/types\/page"}],"author":[{"embeddable":true,"href":"https:\/\/arendoudijk.nl\/de\/wp-json\/wp\/v2\/users\/1"}],"replies":[{"embeddable":true,"href":"https:\/\/arendoudijk.nl\/de\/wp-json\/wp\/v2\/comments?post=16468"}],"version-history":[{"count":5,"href":"https:\/\/arendoudijk.nl\/de\/wp-json\/wp\/v2\/pages\/16468\/revisions"}],"predecessor-version":[{"id":16797,"href":"https:\/\/arendoudijk.nl\/de\/wp-json\/wp\/v2\/pages\/16468\/revisions\/16797"}],"wp:attachment":[{"href":"https:\/\/arendoudijk.nl\/de\/wp-json\/wp\/v2\/media?parent=16468"}],"curies":[{"name":"wp","href":"https:\/\/api.w.org\/{rel}","templated":true}]}}