{"id":5752,"date":"2014-03-24T11:24:28","date_gmt":"2014-03-24T11:24:28","guid":{"rendered":"http:\/\/localhost:8888\/themes\/ventory\/?page_id=5752"},"modified":"2020-07-10T14:21:44","modified_gmt":"2020-07-10T12:21:44","slug":"over-ons","status":"publish","type":"page","link":"https:\/\/arendoudijk.nl\/de\/over-ons\/","title":{"rendered":"Over ons"},"content":{"rendered":"<div class=\"wpb-content-wrapper\"><p>[vc_row bg_image=&#8220;16499&#8243; bg_color=&#8220;#f9f9f9&#8243; top_padding=&#8220;210&#8243; bottom_padding=&#8220;110&#8243; bg_position=&#8220;center center&#8220;][vc_column width=&#8220;1\/1&#8243;]<h1 class=\"headline font-special fontsize-xxxxxl fontweight-700 lh-inherit align-center transform-uppercase \" style=\"margin: 0 0 -10px 0; color: #ffffff;\">\u00dcber uns<\/h1>[\/vc_column][\/vc_row][vc_row top_padding=&#8220;100&#8243; bottom_padding=&#8220;80&#8243; bg_position=&#8220;left top&#8220;][vc_column width=&#8220;1\/1&#8243;]<h2 class=\"headline font-special fontsize-xl fontweight-700 lh-inherit align-center transform-uppercase \" style=\"margin: 0 0 40px 0;\">\u00dcber unsere Dienstleistungen<\/h2>[vc_row_inner][vc_column_inner width=&#8220;1\/3&#8243;]<div class=\"iconbox  wpb_content_element iconbox-style-6 icon-color-greyscale color-dark clearfix\"><img src='https:\/\/arendoudijk.nl\/wp-content\/uploads\/2014\/03\/kweken.jpg' class='iconimg' alt='Z\u00fcchten' \/><h3>Z\u00fcchten<\/h3><p>Wir bei <em>Arend Oudijk | Baumschule<\/em> unterscheiden uns von der Masse durch unsere authentische und dennoch moderne Zuchtweise. Authentisch, weil wir unsere Gew\u00e4chse von Hand, ohne Einsatz von Maschinen, und im Freiland hochz\u00fcchten. Diese besondere Zuchtweise f\u00f6rdert auf nat\u00fcrliche Art sowohl Wachstum als Entwicklung der Pflanzen und f\u00fchrt dadurch zu wunderbar vollen B\u00e4umen und Gew\u00e4chsen.<\/p>\n<p>In unserem mehr als 10 Hektare umfassenden modernen Zuchtbetrieb setzen wir die letzten Entwicklungen auf dem Gebiet des Umweltschutzes und der Nachhaltigkeit um. So sind etwa unser Lager, unser B\u00fcro und unser Gew\u00e4chshaus dank des Einsatzes von Sonnenkollektoren, diffusem Glas und einer unterirdischen W\u00e4rmepumpe komplett energieneutral.<\/p><\/div>[\/vc_column_inner][vc_column_inner width=&#8220;1\/3&#8243;]<div class=\"iconbox  wpb_content_element iconbox-style-6 icon-color-greyscale color-dark clearfix\"><img src='https:\/\/arendoudijk.nl\/wp-content\/uploads\/2014\/03\/assortiment.jpg' class='iconimg' alt='Sortiment' \/><h3>Sortiment<\/h3><p>Wir unterscheiden uns durch die Diversit\u00e4t unseres haupts\u00e4chlich Boskooper Angebotes. Die gro\u00dfe Vielfalt von Sorten und Gr\u00f6\u00dfen macht <em>Arend Oudijk | Baumschule<\/em> zu einem Zuchtbetrieb von Format. Suchen Sie einen Acer (japanischer Ahorn), Ilex (Stechpalme), Fagus (Buchsbaum), Hamamelis (Zaubernuss), Hydrangea (Hortensie) oder (veredelte) Koniferen wie Cedrus (Zeder), Pinus (Kiefer), Picea (Fichte), Sciadopytis (Tanne) oder Sequoiadendron (Mammutbaum), dann sind Sie bei uns an der richtigen Adresse.<\/p>\n<p>Neben unseren Boskooper Produkten haben wir unser Sortiment vor einigen Jahren um einen Bambus ohne Wurzelausl\u00e4ufer, den Fargesia, erweitert. Diese Bambussorte wird im Freiland herangez\u00fcchtet, was zu einem sch\u00f6nen und vollen Pflanzenaufbau f\u00fchrt.<\/p>\n<p>Selbstverst\u00e4ndlich bilden diese Beispiele nur einen kleinen Teil unseres Angebotes. M\u00f6chten Sie sich \u00fcber unser gesamtes Sortiment informieren, wenden Sie sich bitte an Arend, Norbert oder Corianne.<\/p><\/div>[\/vc_column_inner][vc_column_inner width=&#8220;1\/3&#8243;]<div class=\"iconbox  wpb_content_element iconbox-style-6 icon-color-greyscale color-dark clearfix\"><img src='https:\/\/arendoudijk.nl\/wp-content\/uploads\/2014\/03\/handel.jpg' class='iconimg' alt='Handel' \/><h3>Handel<\/h3><p>Falls vorr\u00e4tig liefern wir in den Niederlanden gro\u00dfe Bestellungen innerhalb von 24 Stunden. Wo andere in Sachen Qualit\u00e4t, Schnelligkeit, Diversit\u00e4t oder bei gro\u00dfen Mengen versagen, liegt die gro\u00dfe Kraft von <em>Arend Oudijk | Baumschule<\/em> in der Kombination genau dieser Eigenschaften.<\/p>\n<p>Wir sind stolz darauf, dass wir uns im In- und Ausland \u201eGr\u00fcnpartner\u201c von Gartencentern, G\u00e4rtnereien, Exportfirmen und Baumz\u00fcchterkollegen nennen d\u00fcrfen. Ob gro\u00df oder klein, national oder international, unsere Kunden k\u00f6nnen sich auf die Qualit\u00e4t unserer Produkte und auf eine schnelle Dienstleistung verlassen.<\/p>\n<p>M\u00f6chten Sie mehr wissen? Wir laden Sie ganz unverbindlich zu einer Tasse Kaffee und einer F\u00fchrung durch unseren Zuchtbetrieb ein.<\/p><\/div>[\/vc_column_inner][\/vc_row_inner][\/vc_column][\/vc_row][vc_row bg_color=&#8220;#ffffff&#8220;][vc_column width=&#8220;1\/1&#8243;]<div class=\"spacer\" style=\"height: 32px;\"><\/div><h2 class=\"headline font-special fontsize-xl fontweight-700 lh-inherit align-center transform-uppercase \" style=\"margin: 0 0 40px 0;\">\u00dcber die Firma<\/h2>[\/vc_column][vc_column width=&#8220;1\/3&#8243;]<div class=\"iconbox  wpb_content_element iconbox-style-6 icon-color-greyscale color-dark clearfix\"><img src='https:\/\/arendoudijk.nl\/wp-content\/uploads\/2014\/03\/duurzaam.jpg' class='iconimg' alt='Unser Standort' \/><h3>Unser Standort<\/h3><p>Mit dem Umzug im Jahre 2016 an unseren neuen Standort am Voshol hat der Zuchtbetrieb einen gro\u00dfen Schritt vorw\u00e4rts in Richtung Nachhaltigkeit gemacht. Nicht nur unser Lager, sondern auch unser Gew\u00e4chshaus und unser B\u00fcro sind mit Sonnenkollektoren, diffusem Glas und einer unterirdischen W\u00e4rmepumpe ausgestattet. Dadurch ist unser Unternehmen energieneutral.<\/p><\/div>[\/vc_column][vc_column width=&#8220;1\/3&#8243;]<div class=\"iconbox  wpb_content_element iconbox-style-6 icon-color-greyscale color-dark clearfix\"><img src='https:\/\/arendoudijk.nl\/wp-content\/uploads\/2014\/03\/groenpartner-kopie.jpg' class='iconimg' alt='Diffuses glas' \/><h3>Diffuses glas<\/h3><p>Unser Gew\u00e4chshaus ist rundum mit diffusem Glas ausgestattet. Dieses Glas verteilt das einfallende Licht in anderer Weise im Gew\u00e4chshaus und sorgt f\u00fcr eine st\u00e4rkere Streuung. Das Ergebnis ist weniger Schattenwirkung und eine gleichm\u00e4\u00dfigere Verteilung des Lichts. Im Sommer sorgt dieses Glas f\u00fcr einen Schatteneffekt, wodurch das Abdunkeln der Glasoberfl\u00e4chen mit einem Kalksubstrat \u00fcberfl\u00fcssig wird, im Winter dagegen hat es eine isolierende Wirkung.<\/p>\n<p>Neugierig geworden? Kommen Sie doch einfach einmal vorbei! Wir begr\u00fc\u00dfen Sie gerne bei einer F\u00fchrung durch unseren Zuchtbetrieb.<\/p><\/div>[\/vc_column][vc_column width=&#8220;1\/3&#8243;]<div class=\"iconbox  wpb_content_element iconbox-style-6 icon-color-greyscale color-dark clearfix\"><img src='https:\/\/arendoudijk.nl\/wp-content\/uploads\/2014\/03\/uniek-1.jpg' class='iconimg' alt='Einzigartig' \/><h3>Einzigartig<\/h3><p>\n<ul>\n<li>\u00dcber 1.000 Sorten und Gr\u00f6\u00dfen an Str\u00e4uchern, Koniferen und Bambus<\/li>\n<li>Authentische Freiland-Aufzucht<\/li>\n<li>Lieferzeit innerhalb von 24 Stunden in den Niederlanden<\/li>\n<li>Moderner Zuchtbetrieb<\/li>\n<li>2x monatlich Newsletter mit Angeboten<\/li>\n<li>Nationaler und internationaler Handel<\/li>\n<\/ul>\n<\/p><\/div>[\/vc_column][vc_column]<div class=\"spacer\" style=\"height: 32px;\"><\/div>[\/vc_column][\/vc_row][vc_row bg_color=&#8220;#017953&#8243; text_color=&#8220;light&#8220; text_align=&#8220;center&#8220; top_padding=&#8220;20&#8243; bottom_padding=&#8220;20&#8243;][vc_column width=&#8220;1\/4&#8243;]<div class=\"counter clearfix wpb_content_element\"><div class=\"counter-number\" style=\"color: #ffffff !important;\">130<\/div><span class=\"counter-title\">Arten von Str\u00e4uchern<\/span><\/div>[\/vc_column][vc_column width=&#8220;1\/4&#8243;]<div class=\"counter clearfix wpb_content_element\"><div class=\"counter-number\" style=\"color: #ffffff !important;\">33<\/div><span class=\"counter-title\">Arten von Nadelb\u00e4umen<\/span><\/div>[\/vc_column][vc_column width=&#8220;1\/4&#8243;]<div class=\"counter clearfix wpb_content_element\"><div class=\"counter-number\" style=\"color: #ffffff !important;\">18<\/div><span class=\"counter-title\">Arten von Bambus<\/span><\/div>[\/vc_column][vc_column width=&#8220;1\/4&#8243;]<div class=\"counter clearfix wpb_content_element\"><div class=\"counter-number\" style=\"color: #ffffff !important;\">14<\/div><span class=\"counter-title\">Arten von Kletterpflanzen<\/span><\/div>[\/vc_column][\/vc_row]<\/p>\n<\/div>","protected":false},"excerpt":{"rendered":"<p>[vc_row bg_image=&#8220;16499&#8243; bg_color=&#8220;#f9f9f9&#8243; top_padding=&#8220;210&#8243; bottom_padding=&#8220;110&#8243; bg_position=&#8220;center center&#8220;][vc_column width=&#8220;1\/1&#8243;][\/vc_column][\/vc_row][vc_row top_padding=&#8220;100&#8243; bottom_padding=&#8220;80&#8243; bg_position=&#8220;left top&#8220;][vc_column width=&#8220;1\/1&#8243;][vc_row_inner][vc_column_inner width=&#8220;1\/3&#8243;][\/vc_column_inner][vc_column_inner width=&#8220;1\/3&#8243;][\/vc_column_inner][vc_column_inner width=&#8220;1\/3&#8243;][\/vc_column_inner][\/vc_row_inner][\/vc_column][\/vc_row][vc_row bg_color=&#8220;#ffffff&#8220;][vc_column width=&#8220;1\/1&#8243;][\/vc_column][vc_column width=&#8220;1\/3&#8243;][\/vc_column][vc_column width=&#8220;1\/3&#8243;][\/vc_column][vc_column width=&#8220;1\/3&#8243;][\/vc_column][vc_column][\/vc_column][\/vc_row][vc_row bg_color=&#8220;#017953&#8243; text_color=&#8220;light&#8220; text_align=&#8220;center&#8220; top_padding=&#8220;20&#8243; bottom_padding=&#8220;20&#8243;][vc_column width=&#8220;1\/4&#8243;][\/vc_column][vc_column width=&#8220;1\/4&#8243;][\/vc_column][vc_column width=&#8220;1\/4&#8243;][\/vc_column][vc_column width=&#8220;1\/4&#8243;][\/vc_column][\/vc_row]<\/p>\n","protected":false},"author":1,"featured_media":0,"parent":0,"menu_order":0,"comment_status":"open","ping_status":"closed","template":"","meta":{"footnotes":""},"class_list":["post-5752","page","type-page","status-publish","hentry"],"_links":{"self":[{"href":"https:\/\/arendoudijk.nl\/de\/wp-json\/wp\/v2\/pages\/5752","targetHints":{"allow":["GET"]}}],"collection":[{"href":"https:\/\/arendoudijk.nl\/de\/wp-json\/wp\/v2\/pages"}],"about":[{"href":"https:\/\/arendoudijk.nl\/de\/wp-json\/wp\/v2\/types\/page"}],"author":[{"embeddable":true,"href":"https:\/\/arendoudijk.nl\/de\/wp-json\/wp\/v2\/users\/1"}],"replies":[{"embeddable":true,"href":"https:\/\/arendoudijk.nl\/de\/wp-json\/wp\/v2\/comments?post=5752"}],"version-history":[{"count":126,"href":"https:\/\/arendoudijk.nl\/de\/wp-json\/wp\/v2\/pages\/5752\/revisions"}],"predecessor-version":[{"id":16524,"href":"https:\/\/arendoudijk.nl\/de\/wp-json\/wp\/v2\/pages\/5752\/revisions\/16524"}],"wp:attachment":[{"href":"https:\/\/arendoudijk.nl\/de\/wp-json\/wp\/v2\/media?parent=5752"}],"curies":[{"name":"wp","href":"https:\/\/api.w.org\/{rel}","templated":true}]}}